{"id":5,"date":"2011-04-26T19:34:31","date_gmt":"2011-04-26T19:34:31","guid":{"rendered":"http:\/\/salmiakki.fi\/wordpress\/?page_id=5"},"modified":"2025-09-25T20:16:03","modified_gmt":"2025-09-25T18:16:03","slug":"liity","status":"publish","type":"page","link":"https:\/\/salmiakki.fi\/?page_id=5","title":{"rendered":"Osta lippu gaalaan 2025"},"content":{"rendered":"<p>Salmiakkigaalan (25.10.2025) sis\u00e4\u00e4np\u00e4\u00e4symaksu on 15 euroa. Suosittelemme maksamaan summan ennakkoon OP-pankin tilille \u00a0<b>fi 33 5724 1160 9123 43<\/b>, ja saajan nimeksi Jukka Annala (Salmiakkiyhdistyksen puheenjohtaja).<span class=\"Apple-converted-space\">\u00a0<\/span><\/p>\n<p>Huom! Kirjoita <b>saatetiedoksi ajantasainen s\u00e4hk\u00f6postiosoitteesi<\/b>, jotta voit jatkossa saada mailitse tietoa yhdistyksen tapahtumista.<\/p>\n<p>Esit\u00e4 kopio maksukuitista matkapuhelimesi n\u00e4yt\u00f6ll\u00e4 Salmiakkigaalaan saapuessasi.m<\/p>\n<p>Sis\u00e4\u00e4np\u00e4\u00e4symaksun voi my\u00f6s maksaa kortilla tai k\u00e4teisell\u00e4 gaalan sis\u00e4\u00e4nk\u00e4ynnill\u00e4.<\/p>\n<p>Salmiakkiyhdistyksen j\u00e4senmaksun (15 e) kalenterivuodelle <b>2024 tai 2025<\/b> maksaneet p\u00e4\u00e4sev\u00e4t gaalaan veloituksetta. J\u00e4senmaksunsa suorittaneista on lista lipunmyynniss\u00e4 Salmiakkigaalan sis\u00e4\u00e4nk\u00e4ynnill\u00e4.<\/p>\n<p><span style=\"font-size: 12px;\"><br \/>\nSuomen Salmiakkiyhdistys on salmiakinkuluttajien riippumaton etuj\u00e4rjest\u00f6. Yhteis\u00f6 j\u00e4rjest\u00e4\u00e4 makeistapahtumia Salmiakkipiknik ja Salmiakkigaala. Voittoa tavoittelemattoman yhdistyksen kulut muodostuvat j\u00e4sentapahtumien materiaali-, kuljetus- ja esiintyj\u00e4kuluista sek\u00e4 verkkotoimintojen yll\u00e4pidosta.\u00a0<\/span><\/p>\n","protected":false},"excerpt":{"rendered":"<p>Salmiakkigaalan (25.10.2025) sis\u00e4\u00e4np\u00e4\u00e4symaksu on 15 euroa. Suosittelemme maksamaan summan ennakkoon OP-pankin tilille \u00a0fi 33 5724 1160 9123 43, ja saajan nimeksi Jukka Annala (Salmiakkiyhdistyksen puheenjohtaja).\u00a0 Huom! Kirjoita saatetiedoksi ajantasainen s\u00e4hk\u00f6postiosoitteesi, jotta voit jatkossa saada mailitse tietoa yhdistyksen tapahtumista. Esit\u00e4 kopio &hellip; <a href=\"https:\/\/salmiakki.fi\/?page_id=5\">Lue loppuun <span class=\"meta-nav\">&rarr;<\/span><\/a><\/p>\n","protected":false},"author":2,"featured_media":34,"parent":0,"menu_order":2,"comment_status":"open","ping_status":"open","template":"","meta":{"footnotes":""},"class_list":["post-5","page","type-page","status-publish","has-post-thumbnail","hentry"],"_links":{"self":[{"href":"https:\/\/salmiakki.fi\/index.php?rest_route=\/wp\/v2\/pages\/5","targetHints":{"allow":["GET"]}}],"collection":[{"href":"https:\/\/salmiakki.fi\/index.php?rest_route=\/wp\/v2\/pages"}],"about":[{"href":"https:\/\/salmiakki.fi\/index.php?rest_route=\/wp\/v2\/types\/page"}],"author":[{"embeddable":true,"href":"https:\/\/salmiakki.fi\/index.php?rest_route=\/wp\/v2\/users\/2"}],"replies":[{"embeddable":true,"href":"https:\/\/salmiakki.fi\/index.php?rest_route=%2Fwp%2Fv2%2Fcomments&post=5"}],"version-history":[{"count":52,"href":"https:\/\/salmiakki.fi\/index.php?rest_route=\/wp\/v2\/pages\/5\/revisions"}],"predecessor-version":[{"id":1950,"href":"https:\/\/salmiakki.fi\/index.php?rest_route=\/wp\/v2\/pages\/5\/revisions\/1950"}],"wp:featuredmedia":[{"embeddable":true,"href":"https:\/\/salmiakki.fi\/index.php?rest_route=\/wp\/v2\/media\/34"}],"wp:attachment":[{"href":"https:\/\/salmiakki.fi\/index.php?rest_route=%2Fwp%2Fv2%2Fmedia&parent=5"}],"curies":[{"name":"wp","href":"https:\/\/api.w.org\/{rel}","templated":true}]}}