{"id":8,"date":"2011-04-26T19:37:28","date_gmt":"2011-04-26T19:37:28","guid":{"rendered":"http:\/\/salmiakki.fi\/wordpress\/?page_id=8"},"modified":"2025-09-26T14:38:45","modified_gmt":"2025-09-26T12:38:45","slug":"suomen-salmiakkiyhdistys-ry","status":"publish","type":"page","link":"https:\/\/salmiakki.fi\/?page_id=8","title":{"rendered":"Mik\u00e4 yhdistys?"},"content":{"rendered":"<div class=\"mceTemp\">\n<div id=\"attachment_111\" style=\"width: 310px\" class=\"wp-caption alignnone\"><a href=\"https:\/\/salmiakki.fi\/wp-content\/uploads\/2011\/04\/Johanna-Heikkinen-Super-Salmiakki-handbag.jpg\"><img loading=\"lazy\" decoding=\"async\" aria-describedby=\"caption-attachment-111\" class=\"size-medium wp-image-111\" title=\"Johanna Heikkinen &amp; Super Salmiakki handbag\" src=\"https:\/\/salmiakki.fi\/wp-content\/uploads\/2011\/04\/Johanna-Heikkinen-Super-Salmiakki-handbag-300x225.jpg\" alt=\"\" width=\"300\" height=\"225\" srcset=\"https:\/\/salmiakki.fi\/wp-content\/uploads\/2011\/04\/Johanna-Heikkinen-Super-Salmiakki-handbag-300x225.jpg 300w, https:\/\/salmiakki.fi\/wp-content\/uploads\/2011\/04\/Johanna-Heikkinen-Super-Salmiakki-handbag-1024x768.jpg 1024w, https:\/\/salmiakki.fi\/wp-content\/uploads\/2011\/04\/Johanna-Heikkinen-Super-Salmiakki-handbag.jpg 2048w\" sizes=\"auto, (max-width: 300px) 100vw, 300px\" \/><\/a><p id=\"caption-attachment-111\" class=\"wp-caption-text\">Johanna Heikkinen sonnustautui suunnittelemiinsa supersalmariveskaan ja aakkoskaulakoruun Salmiakkigaalassa\u00a0ravintola Kirjassa 2003. \u00a9 Suomen Salmiakkiyhdistys<\/p><\/div>\n<\/div>\n<p>Suomen Salmiakkiyhdistys ry (1997-) on salmiakinkuluttajien riippumaton etuj\u00e4rjest\u00f6. Yhdistys pyrkii edist\u00e4m\u00e4\u00e4n salmiakkikulttuuria henkisen puskutraktorin tavoin. Yhteis\u00f6 j\u00e4rjest\u00e4\u00e4 salmiakkiteemaisia tapahtumia.<\/p>\n<p>P\u00e4\u00e4juhlassa eli Salmiakkigaalassa luovutetaan Salmiakki Finlandia -palkinto parhaan makeisen valmistajalle\/maahantuojalle. Toinen juhla on kes\u00e4inen Salmiakkipiknik, joka j\u00e4rjestet\u00e4\u00e4n Helsingin Suomenlinnassa.<\/p>\n<p>Salmiakkiyhdistyksen konklaavi (hallitus) on Jukka Annala (puheenjohtaja), Anki Nikula (varapuheenjohtaja, 0400-261 396), Kaija Collin (sihteeri), Juha Hellsten (varainhoitaja), Sanna Nikula, Hanna Nikula, Laura Kuosa, Mia Pikkarainen. Varaj\u00e4sen: Daniel De Martino.<\/p>\n<p><strong>S\u00c4HK\u00d6POSTIOSOITTEEMME \/ OUR EMAIL ADDRESS:<\/strong><br \/>\n<strong>salmiakki.fi[at]gmail.com\u00a0<\/strong><\/p>\n<p>KIRJEET, PAKETIT: Jos haluat l\u00e4hett\u00e4\u00e4 yhdistykselle pakettitavaraa, tiedustele sopivinta l\u00e4hetysosoitetta yll\u00e4 olevasta s\u00e4hk\u00f6postiosoitteesta.<\/p>\n","protected":false},"excerpt":{"rendered":"<p>Suomen Salmiakkiyhdistys ry (1997-) on salmiakinkuluttajien riippumaton etuj\u00e4rjest\u00f6. Yhdistys pyrkii edist\u00e4m\u00e4\u00e4n salmiakkikulttuuria henkisen puskutraktorin tavoin. Yhteis\u00f6 j\u00e4rjest\u00e4\u00e4 salmiakkiteemaisia tapahtumia. P\u00e4\u00e4juhlassa eli Salmiakkigaalassa luovutetaan Salmiakki Finlandia -palkinto parhaan makeisen valmistajalle\/maahantuojalle. Toinen juhla on kes\u00e4inen Salmiakkipiknik, joka j\u00e4rjestet\u00e4\u00e4n Helsingin Suomenlinnassa. Salmiakkiyhdistyksen konklaavi &hellip; <a href=\"https:\/\/salmiakki.fi\/?page_id=8\">Lue loppuun <span class=\"meta-nav\">&rarr;<\/span><\/a><\/p>\n","protected":false},"author":2,"featured_media":0,"parent":0,"menu_order":3,"comment_status":"open","ping_status":"open","template":"","meta":{"footnotes":""},"class_list":["post-8","page","type-page","status-publish","hentry"],"_links":{"self":[{"href":"https:\/\/salmiakki.fi\/index.php?rest_route=\/wp\/v2\/pages\/8","targetHints":{"allow":["GET"]}}],"collection":[{"href":"https:\/\/salmiakki.fi\/index.php?rest_route=\/wp\/v2\/pages"}],"about":[{"href":"https:\/\/salmiakki.fi\/index.php?rest_route=\/wp\/v2\/types\/page"}],"author":[{"embeddable":true,"href":"https:\/\/salmiakki.fi\/index.php?rest_route=\/wp\/v2\/users\/2"}],"replies":[{"embeddable":true,"href":"https:\/\/salmiakki.fi\/index.php?rest_route=%2Fwp%2Fv2%2Fcomments&post=8"}],"version-history":[{"count":29,"href":"https:\/\/salmiakki.fi\/index.php?rest_route=\/wp\/v2\/pages\/8\/revisions"}],"predecessor-version":[{"id":1980,"href":"https:\/\/salmiakki.fi\/index.php?rest_route=\/wp\/v2\/pages\/8\/revisions\/1980"}],"wp:attachment":[{"href":"https:\/\/salmiakki.fi\/index.php?rest_route=%2Fwp%2Fv2%2Fmedia&parent=8"}],"curies":[{"name":"wp","href":"https:\/\/api.w.org\/{rel}","templated":true}]}}